{"id":7539,"date":"2014-02-05T22:26:10","date_gmt":"2014-02-05T21:26:10","guid":{"rendered":"https:\/\/mandelmannen.se\/?page_id=7539"},"modified":"2022-04-09T23:34:55","modified_gmt":"2022-04-09T22:34:55","slug":"kontakt","status":"publish","type":"page","link":"https:\/\/mandelmannen.se\/?page_id=7539","title":{"rendered":"KONTAKT"},"content":{"rendered":"<p>\n\t\t\t<!-- START Front REVOLUTION SLIDER 6.2.12 --><p class=\"rs-p-wp-fix\"><\/p>\n\t\t\t<rs-module-wrap id=\"rev_slider_2_1_wrapper\" data-source=\"gallery\" data-aimg=\"\"  style=\"background:#E9E9E9;padding:0;margin:0px auto;margin-top:0;margin-bottom:0;max-width:;\">\n\t\t\t\t<rs-module id=\"rev_slider_2_1\" style=\"\" data-version=\"6.2.12\">\n\t\t\t\t\t<rs-slides>\n\t\t\t\t\t\t<rs-slide data-key=\"rs-6\" data-title=\"Slide\" data-anim=\"ei:d;eo:d;s:300;r:0;t:random;sl:7;\">\n\t\t\t\t\t\t\t<img decoding=\"async\" src=\"\/\/mandelmannen.se\/wp-content\/uploads\/2014\/02\/slider011.jpg\" title=\"KONTAKT\" data-bg=\"p:center top;\" class=\"rev-slidebg\" data-no-retina>\n<!--\n\t\t\t\t\t\t\t--><rs-layer\n\t\t\t\t\t\t\t\tid=\"slider-2-slide-6-layer-1\" \n\t\t\t\t\t\t\t\tclass=\"test\"\n\t\t\t\t\t\t\t\tdata-type=\"text\"\n\t\t\t\t\t\t\t\tdata-color=\"#161630\"\n\t\t\t\t\t\t\t\tdata-rsp_ch=\"on\"\n\t\t\t\t\t\t\t\tdata-xy=\"x:r;xo:10px;y:b;yo:10px;\"\n\t\t\t\t\t\t\t\tdata-text=\"s:48;l:50;fw:900;\"\n\t\t\t\t\t\t\t\tdata-frame_0=\"x:right;skX:-85px;\"\n\t\t\t\t\t\t\t\tdata-frame_1=\"st:1000;sp:1000;\"\n\t\t\t\t\t\t\t\tdata-frame_999=\"o:0;e:nothing;st:3000;sp:3000;\"\n\t\t\t\t\t\t\t\tstyle=\"z-index:5;font-family:Arial;text-shadow:rgba(0, 0, 0, 0.498039) 0px 2px 5px;margin:0px;white-space:nowrap;\"\n\t\t\t\t\t\t\t>Way Out West 2011 \n\t\t\t\t\t\t\t<\/rs-layer><!--\n-->\t\t\t\t\t\t<\/rs-slide>\n\t\t\t\t\t\t<rs-slide data-key=\"rs-7\" data-title=\"Slide\" data-anim=\"ei:d;eo:d;s:300;r:0;t:random;sl:7;\">\n\t\t\t\t\t\t\t<img decoding=\"async\" src=\"\/\/mandelmannen.se\/wp-content\/uploads\/2014\/02\/slider021.jpg\" title=\"KONTAKT\" data-bg=\"p:center top;\" class=\"rev-slidebg\" data-no-retina>\n<!--\n\t\t\t\t\t\t\t--><rs-layer\n\t\t\t\t\t\t\t\tid=\"slider-2-slide-7-layer-1\" \n\t\t\t\t\t\t\t\tclass=\"test\"\n\t\t\t\t\t\t\t\tdata-type=\"text\"\n\t\t\t\t\t\t\t\tdata-color=\"#161630\"\n\t\t\t\t\t\t\t\tdata-rsp_ch=\"on\"\n\t\t\t\t\t\t\t\tdata-xy=\"x:40px;y:131px;\"\n\t\t\t\t\t\t\t\tdata-text=\"s:48;l:50;fw:900;\"\n\t\t\t\t\t\t\t\tdata-frame_0=\"x:right;\"\n\t\t\t\t\t\t\t\tdata-frame_1=\"st:500;sp:1000;\"\n\t\t\t\t\t\t\t\tdata-frame_999=\"o:0;e:nothing;st:3000;sp:3000;\"\n\t\t\t\t\t\t\t\tstyle=\"z-index:5;font-family:Arial;text-shadow:rgba(0, 0, 0, 0.498039) 0px 2px 5px;margin:0px;white-space:nowrap;\"\n\t\t\t\t\t\t\t>Br\u00e4nda mandlar tillverkas \n\t\t\t\t\t\t\t<\/rs-layer><!--\n-->\t\t\t\t\t\t<\/rs-slide>\n\t\t\t\t\t\t<rs-slide data-key=\"rs-8\" data-title=\"Slide\" data-anim=\"ei:d;eo:d;s:300;r:0;t:random;sl:7;\">\n\t\t\t\t\t\t\t<img decoding=\"async\" src=\"\/\/mandelmannen.se\/wp-content\/uploads\/2014\/02\/slider031.jpg\" title=\"KONTAKT\" data-bg=\"p:center top;\" class=\"rev-slidebg\" data-no-retina>\n<!--\n\t\t\t\t\t\t\t--><rs-layer\n\t\t\t\t\t\t\t\tid=\"slider-2-slide-8-layer-1\" \n\t\t\t\t\t\t\t\tclass=\"test\"\n\t\t\t\t\t\t\t\tdata-type=\"text\"\n\t\t\t\t\t\t\t\tdata-color=\"#161630\"\n\t\t\t\t\t\t\t\tdata-rsp_ch=\"on\"\n\t\t\t\t\t\t\t\tdata-xy=\"x:156px;y:232px;\"\n\t\t\t\t\t\t\t\tdata-text=\"s:48;l:50;fw:900;\"\n\t\t\t\t\t\t\t\tdata-frame_0=\"x:right;\"\n\t\t\t\t\t\t\t\tdata-frame_1=\"st:500;sp:1000;\"\n\t\t\t\t\t\t\t\tdata-frame_999=\"o:0;e:nothing;st:3000;sp:3000;\"\n\t\t\t\t\t\t\t\tstyle=\"z-index:5;font-family:Arial;text-shadow:rgba(0, 0, 0, 0.498039) 0px 2px 5px;margin:0px;white-space:nowrap;\"\n\t\t\t\t\t\t\t>Uts\u00f6kta Churros \n\t\t\t\t\t\t\t<\/rs-layer><!--\n-->\t\t\t\t\t\t<\/rs-slide>\n\t\t\t\t\t\t<rs-slide data-key=\"rs-9\" data-title=\"Slide\" data-anim=\"ei:d;eo:d;s:300;r:0;t:random;sl:7;\">\n\t\t\t\t\t\t\t<img decoding=\"async\" src=\"\/\/mandelmannen.se\/wp-content\/uploads\/2014\/02\/slider041.jpg\" title=\"KONTAKT\" data-bg=\"p:center top;\" class=\"rev-slidebg\" data-no-retina>\n<!--\n\t\t\t\t\t\t\t--><rs-layer\n\t\t\t\t\t\t\t\tid=\"slider-2-slide-9-layer-1\" \n\t\t\t\t\t\t\t\tclass=\"test\"\n\t\t\t\t\t\t\t\tdata-type=\"text\"\n\t\t\t\t\t\t\t\tdata-color=\"#161630\"\n\t\t\t\t\t\t\t\tdata-rsp_ch=\"on\"\n\t\t\t\t\t\t\t\tdata-xy=\"x:55px;y:175px;\"\n\t\t\t\t\t\t\t\tdata-text=\"s:48;l:50;fw:900;\"\n\t\t\t\t\t\t\t\tdata-frame_0=\"x:right;\"\n\t\t\t\t\t\t\t\tdata-frame_1=\"st:500;sp:1000;\"\n\t\t\t\t\t\t\t\tdata-frame_999=\"o:0;e:nothing;st:3000;sp:3000;\"\n\t\t\t\t\t\t\t\tstyle=\"z-index:5;font-family:Arial;text-shadow:rgba(0, 0, 0, 0.498039) 0px 2px 5px;margin:0px;white-space:nowrap;\"\n\t\t\t\t\t\t\t>Churros med nutella \n\t\t\t\t\t\t\t<\/rs-layer><!--\n-->\t\t\t\t\t\t<\/rs-slide>\n\t\t\t\t\t<\/rs-slides>\n\t\t\t\t<\/rs-module>\n\t\t\t\t<script type=\"text\/javascript\">\n\t\t\t\t\tsetREVStartSize({c: 'rev_slider_2_1',rl:[1240,1024,778,480],el:[293],gw:[656],gh:[293],type:'standard',justify:'',layout:'fullwidth',mh:\"0\"});\n\t\t\t\t\tvar\trevapi2,\n\t\t\t\t\t\ttpj;\n\t\t\t\t\tjQuery(function() {\n\t\t\t\t\t\ttpj = jQuery;\n\t\t\t\t\t\trevapi2 = tpj(\"#rev_slider_2_1\")\n\t\t\t\t\t\ttpj.noConflict();\n\t\t\t\t\t\tif(revapi2==undefined || revapi2.revolution == undefined){\n\t\t\t\t\t\t\trevslider_showDoubleJqueryError(\"rev_slider_2_1\");\n\t\t\t\t\t\t}else{\n\t\t\t\t\t\t\trevapi2.revolution({\n\t\t\t\t\t\t\t\tduration:10000,\n\t\t\t\t\t\t\t\tvisibilityLevels:\"1240,1024,778,480\",\n\t\t\t\t\t\t\t\tgridwidth:656,\n\t\t\t\t\t\t\t\tgridheight:293,\n\t\t\t\t\t\t\t\tspinner:\"spinner5\",\n\t\t\t\t\t\t\t\tperspective:600,\n\t\t\t\t\t\t\t\tperspectiveType:\"local\",\n\t\t\t\t\t\t\t\teditorheight:\"293,768,960,720\",\n\t\t\t\t\t\t\t\tresponsiveLevels:\"1240,1024,778,480\",\n\t\t\t\t\t\t\t\tprogressBar: {\n\t\t\t\t\t\t\t\t\tcolor:\"#FFFFFF\",\n\t\t\t\t\t\t\t\t\tvertical:\"top\",\n\t\t\t\t\t\t\t\t\tsize:5,\n\t\t\t\t\t\t\t\t\tx:0,\n\t\t\t\t\t\t\t\t\ty:0\n\t\t\t\t\t\t\t\t},\n\t\t\t\t\t\t\t\tnavigation: {\n\t\t\t\t\t\t\t\t\tmouseScrollNavigation:false,\n\t\t\t\t\t\t\t\t\ttouch: {\n\t\t\t\t\t\t\t\t\t\ttouchenabled:true\n\t\t\t\t\t\t\t\t\t}\n\t\t\t\t\t\t\t\t},\n\t\t\t\t\t\t\t\tfallbacks: {\n\t\t\t\t\t\t\t\t\tsimplifyAll:\"\",\n\t\t\t\t\t\t\t\t\tallowHTML5AutoPlayOnAndroid:true\n\t\t\t\t\t\t\t\t},\n\t\t\t\t\t\t\t});\n\t\t\t\t\t\t}\n\t\t\t\t\t\t\n\t\t\t\t\t});\n\t\t\t\t<\/script>\n\t\t\t<\/rs-module-wrap>\n\t\t\t<!-- END REVOLUTION SLIDER -->\n<hr class=\"hr2\" \/><\/p>\n<h1>Kontakta oss<\/h1>\n<p>Tveka inte att kontakta oss om du har n\u00e5gra fr\u00e5gor.<\/p>\n<p>Tel: 031 56 15 10<\/p>\n<p>Mail: info@mandelmannen.se<\/p>\n","protected":false},"excerpt":{"rendered":"<p>Kontakta oss Tveka inte att kontakta oss om du har n\u00e5gra fr\u00e5gor. Tel: 031 56 15 10 Mail: info@mandelmannen.se<\/p>\n","protected":false},"author":2,"featured_media":0,"parent":0,"menu_order":0,"comment_status":"closed","ping_status":"closed","template":"","meta":{"footnotes":""},"yoast_head":"<!-- This site is optimized with the Yoast SEO plugin v23.1 - https:\/\/yoast.com\/wordpress\/plugins\/seo\/ -->\n<title>KONTAKT - Mandelmannen AB<\/title>\n<meta name=\"robots\" content=\"index, follow, max-snippet:-1, max-image-preview:large, max-video-preview:-1\" \/>\n<link rel=\"canonical\" href=\"https:\/\/mandelmannen.se\/?page_id=7539\" \/>\n<meta property=\"og:locale\" content=\"sv_SE\" \/>\n<meta property=\"og:type\" content=\"article\" \/>\n<meta property=\"og:title\" content=\"KONTAKT - Mandelmannen AB\" \/>\n<meta property=\"og:description\" content=\"Kontakta oss Tveka inte att kontakta oss om du har n\u00e5gra fr\u00e5gor. Tel: 031 56 15 10 Mail: info@mandelmannen.se\" \/>\n<meta property=\"og:url\" content=\"https:\/\/mandelmannen.se\/?page_id=7539\" \/>\n<meta property=\"og:site_name\" content=\"Mandelmannen AB\" \/>\n<meta property=\"article:modified_time\" content=\"2022-04-09T22:34:55+00:00\" \/>\n<meta name=\"twitter:label1\" content=\"Ber\u00e4knad l\u00e4stid\" \/>\n\t<meta name=\"twitter:data1\" content=\"1 minut\" \/>\n<script type=\"application\/ld+json\" class=\"yoast-schema-graph\">{\"@context\":\"https:\/\/schema.org\",\"@graph\":[{\"@type\":\"WebPage\",\"@id\":\"https:\/\/mandelmannen.se\/?page_id=7539\",\"url\":\"https:\/\/mandelmannen.se\/?page_id=7539\",\"name\":\"KONTAKT - Mandelmannen AB\",\"isPartOf\":{\"@id\":\"https:\/\/mandelmannen.se\/#website\"},\"datePublished\":\"2014-02-05T21:26:10+00:00\",\"dateModified\":\"2022-04-09T22:34:55+00:00\",\"inLanguage\":\"sv-SE\",\"potentialAction\":[{\"@type\":\"ReadAction\",\"target\":[\"https:\/\/mandelmannen.se\/?page_id=7539\"]}]},{\"@type\":\"WebSite\",\"@id\":\"https:\/\/mandelmannen.se\/#website\",\"url\":\"https:\/\/mandelmannen.se\/\",\"name\":\"Mandelmannen AB\",\"description\":\"N\u00f6tter P\u00e5 V\u00e4g...\",\"potentialAction\":[{\"@type\":\"SearchAction\",\"target\":{\"@type\":\"EntryPoint\",\"urlTemplate\":\"https:\/\/mandelmannen.se\/?s={search_term_string}\"},\"query-input\":\"required name=search_term_string\"}],\"inLanguage\":\"sv-SE\"}]}<\/script>\n<!-- \/ Yoast SEO plugin. -->","yoast_head_json":{"title":"KONTAKT - Mandelmannen AB","robots":{"index":"index","follow":"follow","max-snippet":"max-snippet:-1","max-image-preview":"max-image-preview:large","max-video-preview":"max-video-preview:-1"},"canonical":"https:\/\/mandelmannen.se\/?page_id=7539","og_locale":"sv_SE","og_type":"article","og_title":"KONTAKT - Mandelmannen AB","og_description":"Kontakta oss Tveka inte att kontakta oss om du har n\u00e5gra fr\u00e5gor. Tel: 031 56 15 10 Mail: info@mandelmannen.se","og_url":"https:\/\/mandelmannen.se\/?page_id=7539","og_site_name":"Mandelmannen AB","article_modified_time":"2022-04-09T22:34:55+00:00","twitter_misc":{"Ber\u00e4knad l\u00e4stid":"1 minut"},"schema":{"@context":"https:\/\/schema.org","@graph":[{"@type":"WebPage","@id":"https:\/\/mandelmannen.se\/?page_id=7539","url":"https:\/\/mandelmannen.se\/?page_id=7539","name":"KONTAKT - Mandelmannen AB","isPartOf":{"@id":"https:\/\/mandelmannen.se\/#website"},"datePublished":"2014-02-05T21:26:10+00:00","dateModified":"2022-04-09T22:34:55+00:00","inLanguage":"sv-SE","potentialAction":[{"@type":"ReadAction","target":["https:\/\/mandelmannen.se\/?page_id=7539"]}]},{"@type":"WebSite","@id":"https:\/\/mandelmannen.se\/#website","url":"https:\/\/mandelmannen.se\/","name":"Mandelmannen AB","description":"N\u00f6tter P\u00e5 V\u00e4g...","potentialAction":[{"@type":"SearchAction","target":{"@type":"EntryPoint","urlTemplate":"https:\/\/mandelmannen.se\/?s={search_term_string}"},"query-input":"required name=search_term_string"}],"inLanguage":"sv-SE"}]}},"_links":{"self":[{"href":"https:\/\/mandelmannen.se\/index.php?rest_route=\/wp\/v2\/pages\/7539"}],"collection":[{"href":"https:\/\/mandelmannen.se\/index.php?rest_route=\/wp\/v2\/pages"}],"about":[{"href":"https:\/\/mandelmannen.se\/index.php?rest_route=\/wp\/v2\/types\/page"}],"author":[{"embeddable":true,"href":"https:\/\/mandelmannen.se\/index.php?rest_route=\/wp\/v2\/users\/2"}],"replies":[{"embeddable":true,"href":"https:\/\/mandelmannen.se\/index.php?rest_route=%2Fwp%2Fv2%2Fcomments&post=7539"}],"version-history":[{"count":5,"href":"https:\/\/mandelmannen.se\/index.php?rest_route=\/wp\/v2\/pages\/7539\/revisions"}],"predecessor-version":[{"id":7765,"href":"https:\/\/mandelmannen.se\/index.php?rest_route=\/wp\/v2\/pages\/7539\/revisions\/7765"}],"wp:attachment":[{"href":"https:\/\/mandelmannen.se\/index.php?rest_route=%2Fwp%2Fv2%2Fmedia&parent=7539"}],"curies":[{"name":"wp","href":"https:\/\/api.w.org\/{rel}","templated":true}]}}