{"id":7541,"date":"2014-02-05T22:33:23","date_gmt":"2014-02-05T21:33:23","guid":{"rendered":"https:\/\/mandelmannen.se\/?page_id=7541"},"modified":"2015-04-27T16:20:06","modified_gmt":"2015-04-27T15:20:06","slug":"om-oss","status":"publish","type":"page","link":"https:\/\/mandelmannen.se\/?page_id=7541","title":{"rendered":"OM OSS"},"content":{"rendered":"\n\t\t\t<!-- START Front REVOLUTION SLIDER 6.2.12 --><p class=\"rs-p-wp-fix\"><\/p>\n\t\t\t<rs-module-wrap id=\"rev_slider_2_1_wrapper\" data-source=\"gallery\" data-aimg=\"\"  style=\"background:#E9E9E9;padding:0;margin:0px auto;margin-top:0;margin-bottom:0;max-width:;\">\n\t\t\t\t<rs-module id=\"rev_slider_2_1\" style=\"\" data-version=\"6.2.12\">\n\t\t\t\t\t<rs-slides>\n\t\t\t\t\t\t<rs-slide data-key=\"rs-6\" data-title=\"Slide\" data-anim=\"ei:d;eo:d;s:300;r:0;t:random;sl:7;\">\n\t\t\t\t\t\t\t<img decoding=\"async\" src=\"\/\/mandelmannen.se\/wp-content\/uploads\/2014\/02\/slider011.jpg\" title=\"OM OSS\" data-bg=\"p:center top;\" class=\"rev-slidebg\" data-no-retina>\n<!--\n\t\t\t\t\t\t\t--><rs-layer\n\t\t\t\t\t\t\t\tid=\"slider-2-slide-6-layer-1\" \n\t\t\t\t\t\t\t\tclass=\"test\"\n\t\t\t\t\t\t\t\tdata-type=\"text\"\n\t\t\t\t\t\t\t\tdata-color=\"#161630\"\n\t\t\t\t\t\t\t\tdata-rsp_ch=\"on\"\n\t\t\t\t\t\t\t\tdata-xy=\"x:r;xo:10px;y:b;yo:10px;\"\n\t\t\t\t\t\t\t\tdata-text=\"s:48;l:50;fw:900;\"\n\t\t\t\t\t\t\t\tdata-frame_0=\"x:right;skX:-85px;\"\n\t\t\t\t\t\t\t\tdata-frame_1=\"st:1000;sp:1000;\"\n\t\t\t\t\t\t\t\tdata-frame_999=\"o:0;e:nothing;st:3000;sp:3000;\"\n\t\t\t\t\t\t\t\tstyle=\"z-index:5;font-family:Arial;text-shadow:rgba(0, 0, 0, 0.498039) 0px 2px 5px;margin:0px;white-space:nowrap;\"\n\t\t\t\t\t\t\t>Way Out West 2011 \n\t\t\t\t\t\t\t<\/rs-layer><!--\n-->\t\t\t\t\t\t<\/rs-slide>\n\t\t\t\t\t\t<rs-slide data-key=\"rs-7\" data-title=\"Slide\" data-anim=\"ei:d;eo:d;s:300;r:0;t:random;sl:7;\">\n\t\t\t\t\t\t\t<img decoding=\"async\" src=\"\/\/mandelmannen.se\/wp-content\/uploads\/2014\/02\/slider021.jpg\" title=\"OM OSS\" data-bg=\"p:center top;\" class=\"rev-slidebg\" data-no-retina>\n<!--\n\t\t\t\t\t\t\t--><rs-layer\n\t\t\t\t\t\t\t\tid=\"slider-2-slide-7-layer-1\" \n\t\t\t\t\t\t\t\tclass=\"test\"\n\t\t\t\t\t\t\t\tdata-type=\"text\"\n\t\t\t\t\t\t\t\tdata-color=\"#161630\"\n\t\t\t\t\t\t\t\tdata-rsp_ch=\"on\"\n\t\t\t\t\t\t\t\tdata-xy=\"x:40px;y:131px;\"\n\t\t\t\t\t\t\t\tdata-text=\"s:48;l:50;fw:900;\"\n\t\t\t\t\t\t\t\tdata-frame_0=\"x:right;\"\n\t\t\t\t\t\t\t\tdata-frame_1=\"st:500;sp:1000;\"\n\t\t\t\t\t\t\t\tdata-frame_999=\"o:0;e:nothing;st:3000;sp:3000;\"\n\t\t\t\t\t\t\t\tstyle=\"z-index:5;font-family:Arial;text-shadow:rgba(0, 0, 0, 0.498039) 0px 2px 5px;margin:0px;white-space:nowrap;\"\n\t\t\t\t\t\t\t>Br\u00e4nda mandlar tillverkas \n\t\t\t\t\t\t\t<\/rs-layer><!--\n-->\t\t\t\t\t\t<\/rs-slide>\n\t\t\t\t\t\t<rs-slide data-key=\"rs-8\" data-title=\"Slide\" data-anim=\"ei:d;eo:d;s:300;r:0;t:random;sl:7;\">\n\t\t\t\t\t\t\t<img decoding=\"async\" src=\"\/\/mandelmannen.se\/wp-content\/uploads\/2014\/02\/slider031.jpg\" title=\"OM OSS\" data-bg=\"p:center top;\" class=\"rev-slidebg\" data-no-retina>\n<!--\n\t\t\t\t\t\t\t--><rs-layer\n\t\t\t\t\t\t\t\tid=\"slider-2-slide-8-layer-1\" \n\t\t\t\t\t\t\t\tclass=\"test\"\n\t\t\t\t\t\t\t\tdata-type=\"text\"\n\t\t\t\t\t\t\t\tdata-color=\"#161630\"\n\t\t\t\t\t\t\t\tdata-rsp_ch=\"on\"\n\t\t\t\t\t\t\t\tdata-xy=\"x:156px;y:232px;\"\n\t\t\t\t\t\t\t\tdata-text=\"s:48;l:50;fw:900;\"\n\t\t\t\t\t\t\t\tdata-frame_0=\"x:right;\"\n\t\t\t\t\t\t\t\tdata-frame_1=\"st:500;sp:1000;\"\n\t\t\t\t\t\t\t\tdata-frame_999=\"o:0;e:nothing;st:3000;sp:3000;\"\n\t\t\t\t\t\t\t\tstyle=\"z-index:5;font-family:Arial;text-shadow:rgba(0, 0, 0, 0.498039) 0px 2px 5px;margin:0px;white-space:nowrap;\"\n\t\t\t\t\t\t\t>Uts\u00f6kta Churros \n\t\t\t\t\t\t\t<\/rs-layer><!--\n-->\t\t\t\t\t\t<\/rs-slide>\n\t\t\t\t\t\t<rs-slide data-key=\"rs-9\" data-title=\"Slide\" data-anim=\"ei:d;eo:d;s:300;r:0;t:random;sl:7;\">\n\t\t\t\t\t\t\t<img decoding=\"async\" src=\"\/\/mandelmannen.se\/wp-content\/uploads\/2014\/02\/slider041.jpg\" title=\"OM OSS\" data-bg=\"p:center top;\" class=\"rev-slidebg\" data-no-retina>\n<!--\n\t\t\t\t\t\t\t--><rs-layer\n\t\t\t\t\t\t\t\tid=\"slider-2-slide-9-layer-1\" \n\t\t\t\t\t\t\t\tclass=\"test\"\n\t\t\t\t\t\t\t\tdata-type=\"text\"\n\t\t\t\t\t\t\t\tdata-color=\"#161630\"\n\t\t\t\t\t\t\t\tdata-rsp_ch=\"on\"\n\t\t\t\t\t\t\t\tdata-xy=\"x:55px;y:175px;\"\n\t\t\t\t\t\t\t\tdata-text=\"s:48;l:50;fw:900;\"\n\t\t\t\t\t\t\t\tdata-frame_0=\"x:right;\"\n\t\t\t\t\t\t\t\tdata-frame_1=\"st:500;sp:1000;\"\n\t\t\t\t\t\t\t\tdata-frame_999=\"o:0;e:nothing;st:3000;sp:3000;\"\n\t\t\t\t\t\t\t\tstyle=\"z-index:5;font-family:Arial;text-shadow:rgba(0, 0, 0, 0.498039) 0px 2px 5px;margin:0px;white-space:nowrap;\"\n\t\t\t\t\t\t\t>Churros med nutella \n\t\t\t\t\t\t\t<\/rs-layer><!--\n-->\t\t\t\t\t\t<\/rs-slide>\n\t\t\t\t\t<\/rs-slides>\n\t\t\t\t<\/rs-module>\n\t\t\t\t<script type=\"text\/javascript\">\n\t\t\t\t\tsetREVStartSize({c: 'rev_slider_2_1',rl:[1240,1024,778,480],el:[293],gw:[656],gh:[293],type:'standard',justify:'',layout:'fullwidth',mh:\"0\"});\n\t\t\t\t\tvar\trevapi2,\n\t\t\t\t\t\ttpj;\n\t\t\t\t\tjQuery(function() {\n\t\t\t\t\t\ttpj = jQuery;\n\t\t\t\t\t\trevapi2 = tpj(\"#rev_slider_2_1\")\n\t\t\t\t\t\ttpj.noConflict();\n\t\t\t\t\t\tif(revapi2==undefined || revapi2.revolution == undefined){\n\t\t\t\t\t\t\trevslider_showDoubleJqueryError(\"rev_slider_2_1\");\n\t\t\t\t\t\t}else{\n\t\t\t\t\t\t\trevapi2.revolution({\n\t\t\t\t\t\t\t\tduration:10000,\n\t\t\t\t\t\t\t\tvisibilityLevels:\"1240,1024,778,480\",\n\t\t\t\t\t\t\t\tgridwidth:656,\n\t\t\t\t\t\t\t\tgridheight:293,\n\t\t\t\t\t\t\t\tspinner:\"spinner5\",\n\t\t\t\t\t\t\t\tperspective:600,\n\t\t\t\t\t\t\t\tperspectiveType:\"local\",\n\t\t\t\t\t\t\t\teditorheight:\"293,768,960,720\",\n\t\t\t\t\t\t\t\tresponsiveLevels:\"1240,1024,778,480\",\n\t\t\t\t\t\t\t\tprogressBar: {\n\t\t\t\t\t\t\t\t\tcolor:\"#FFFFFF\",\n\t\t\t\t\t\t\t\t\tvertical:\"top\",\n\t\t\t\t\t\t\t\t\tsize:5,\n\t\t\t\t\t\t\t\t\tx:0,\n\t\t\t\t\t\t\t\t\ty:0\n\t\t\t\t\t\t\t\t},\n\t\t\t\t\t\t\t\tnavigation: {\n\t\t\t\t\t\t\t\t\tmouseScrollNavigation:false,\n\t\t\t\t\t\t\t\t\ttouch: {\n\t\t\t\t\t\t\t\t\t\ttouchenabled:true\n\t\t\t\t\t\t\t\t\t}\n\t\t\t\t\t\t\t\t},\n\t\t\t\t\t\t\t\tfallbacks: {\n\t\t\t\t\t\t\t\t\tsimplifyAll:\"\",\n\t\t\t\t\t\t\t\t\tallowHTML5AutoPlayOnAndroid:true\n\t\t\t\t\t\t\t\t},\n\t\t\t\t\t\t\t});\n\t\t\t\t\t\t}\n\t\t\t\t\t\t\n\t\t\t\t\t});\n\t\t\t\t<\/script>\n\t\t\t<\/rs-module-wrap>\n\t\t\t<!-- END REVOLUTION SLIDER -->\n\n<h1><strong>Om Mandelmannen<\/strong><\/h1>\n<p><hr class=\"hr2\" \/>Historien om Mandelmannen b\u00f6rjade sommaren 1992 i Visby. Men det var egentligen inte f\u00f6rens sommaren 1993 som det drog ig\u00e5ng med egen f\u00f6rs\u00e4ljning av flertalet olika produkter. I mitten av 90talet s\u00e5 drog vi ig\u00e5ng tillverkningen och f\u00f6rs\u00e4ljningen av v\u00e5ra br\u00e4nda mandlar. Till en b\u00f6rjan s\u00e5 var det bara just br\u00e4nda mandlar vi tillverkade. P\u00e5 senare tid s\u00e5 har det blivit en m\u00e4ngd olika produkter vi tillverkar.<\/p>\n<p>2010 f\u00f6r\u00e4ndrade vi f\u00f6retaget genom en stor investering i ny bil och nya vagnar. V\u00e5ran ide var att kunna transportera allt med en bil f\u00f6r att spara br\u00e4nsle \/ ekonomi och milj\u00f6. Vi drog \u00e4ven ig\u00e5ng v\u00e5r churrosvagn, Varf\u00f6r churros? Steget till churros \u00e4r inte l\u00e5ngt n\u00e4r en av \u00e4garna har halva foten i Spanien&#8230;<\/p>\n<p><a href=\"https:\/\/mandelmannen.se\/wp-content\/uploads\/2014\/02\/trailer.jpg\"><img loading=\"lazy\" decoding=\"async\" class=\"alignnone size-full wp-image-7674\" src=\"https:\/\/mandelmannen.se\/wp-content\/uploads\/2014\/02\/trailer.jpg\" alt=\"trailer\" width=\"716\" height=\"299\" srcset=\"https:\/\/mandelmannen.se\/wp-content\/uploads\/2014\/02\/trailer.jpg 716w, https:\/\/mandelmannen.se\/wp-content\/uploads\/2014\/02\/trailer-300x125.jpg 300w, https:\/\/mandelmannen.se\/wp-content\/uploads\/2014\/02\/trailer-273x114.jpg 273w, https:\/\/mandelmannen.se\/wp-content\/uploads\/2014\/02\/trailer-659x275.jpg 659w\" sizes=\"(max-width: 716px) 100vw, 716px\" \/><\/a><\/p>\n","protected":false},"excerpt":{"rendered":"<p>Om Mandelmannen Historien om Mandelmannen b\u00f6rjade sommaren 1992 i Visby. Men det var egentligen inte f\u00f6rens sommaren 1993 som det drog ig\u00e5ng med egen f\u00f6rs\u00e4ljning av flertalet olika produkter. I mitten av 90talet s\u00e5 drog vi ig\u00e5ng tillverkningen och f\u00f6rs\u00e4ljningen av v\u00e5ra br\u00e4nda mandlar. Till en b\u00f6rjan s\u00e5 var det bara just br\u00e4nda mandlar vi [&hellip;]<\/p>\n","protected":false},"author":2,"featured_media":0,"parent":0,"menu_order":0,"comment_status":"closed","ping_status":"closed","template":"","meta":{"footnotes":""},"yoast_head":"<!-- This site is optimized with the Yoast SEO plugin v23.1 - https:\/\/yoast.com\/wordpress\/plugins\/seo\/ -->\n<title>OM OSS - Mandelmannen AB<\/title>\n<meta name=\"robots\" content=\"index, follow, max-snippet:-1, max-image-preview:large, max-video-preview:-1\" \/>\n<link rel=\"canonical\" href=\"https:\/\/mandelmannen.se\/?page_id=7541\" \/>\n<meta property=\"og:locale\" content=\"sv_SE\" \/>\n<meta property=\"og:type\" content=\"article\" \/>\n<meta property=\"og:title\" content=\"OM OSS - Mandelmannen AB\" \/>\n<meta property=\"og:description\" content=\"Om Mandelmannen Historien om Mandelmannen b\u00f6rjade sommaren 1992 i Visby. Men det var egentligen inte f\u00f6rens sommaren 1993 som det drog ig\u00e5ng med egen f\u00f6rs\u00e4ljning av flertalet olika produkter. I mitten av 90talet s\u00e5 drog vi ig\u00e5ng tillverkningen och f\u00f6rs\u00e4ljningen av v\u00e5ra br\u00e4nda mandlar. Till en b\u00f6rjan s\u00e5 var det bara just br\u00e4nda mandlar vi [&hellip;]\" \/>\n<meta property=\"og:url\" content=\"https:\/\/mandelmannen.se\/?page_id=7541\" \/>\n<meta property=\"og:site_name\" content=\"Mandelmannen AB\" \/>\n<meta property=\"article:modified_time\" content=\"2015-04-27T15:20:06+00:00\" \/>\n<meta property=\"og:image\" content=\"https:\/\/mandelmannen.se\/wp-content\/uploads\/2014\/02\/trailer.jpg\" \/>\n<meta name=\"twitter:label1\" content=\"Ber\u00e4knad l\u00e4stid\" \/>\n\t<meta name=\"twitter:data1\" content=\"1 minut\" \/>\n<script type=\"application\/ld+json\" class=\"yoast-schema-graph\">{\"@context\":\"https:\/\/schema.org\",\"@graph\":[{\"@type\":\"WebPage\",\"@id\":\"https:\/\/mandelmannen.se\/?page_id=7541\",\"url\":\"https:\/\/mandelmannen.se\/?page_id=7541\",\"name\":\"OM OSS - Mandelmannen AB\",\"isPartOf\":{\"@id\":\"https:\/\/mandelmannen.se\/#website\"},\"primaryImageOfPage\":{\"@id\":\"https:\/\/mandelmannen.se\/?page_id=7541#primaryimage\"},\"image\":{\"@id\":\"https:\/\/mandelmannen.se\/?page_id=7541#primaryimage\"},\"thumbnailUrl\":\"https:\/\/mandelmannen.se\/wp-content\/uploads\/2014\/02\/trailer.jpg\",\"datePublished\":\"2014-02-05T21:33:23+00:00\",\"dateModified\":\"2015-04-27T15:20:06+00:00\",\"inLanguage\":\"sv-SE\",\"potentialAction\":[{\"@type\":\"ReadAction\",\"target\":[\"https:\/\/mandelmannen.se\/?page_id=7541\"]}]},{\"@type\":\"ImageObject\",\"inLanguage\":\"sv-SE\",\"@id\":\"https:\/\/mandelmannen.se\/?page_id=7541#primaryimage\",\"url\":\"https:\/\/mandelmannen.se\/wp-content\/uploads\/2014\/02\/trailer.jpg\",\"contentUrl\":\"https:\/\/mandelmannen.se\/wp-content\/uploads\/2014\/02\/trailer.jpg\",\"width\":716,\"height\":299},{\"@type\":\"WebSite\",\"@id\":\"https:\/\/mandelmannen.se\/#website\",\"url\":\"https:\/\/mandelmannen.se\/\",\"name\":\"Mandelmannen AB\",\"description\":\"N\u00f6tter P\u00e5 V\u00e4g...\",\"potentialAction\":[{\"@type\":\"SearchAction\",\"target\":{\"@type\":\"EntryPoint\",\"urlTemplate\":\"https:\/\/mandelmannen.se\/?s={search_term_string}\"},\"query-input\":\"required name=search_term_string\"}],\"inLanguage\":\"sv-SE\"}]}<\/script>\n<!-- \/ Yoast SEO plugin. -->","yoast_head_json":{"title":"OM OSS - Mandelmannen AB","robots":{"index":"index","follow":"follow","max-snippet":"max-snippet:-1","max-image-preview":"max-image-preview:large","max-video-preview":"max-video-preview:-1"},"canonical":"https:\/\/mandelmannen.se\/?page_id=7541","og_locale":"sv_SE","og_type":"article","og_title":"OM OSS - Mandelmannen AB","og_description":"Om Mandelmannen Historien om Mandelmannen b\u00f6rjade sommaren 1992 i Visby. Men det var egentligen inte f\u00f6rens sommaren 1993 som det drog ig\u00e5ng med egen f\u00f6rs\u00e4ljning av flertalet olika produkter. I mitten av 90talet s\u00e5 drog vi ig\u00e5ng tillverkningen och f\u00f6rs\u00e4ljningen av v\u00e5ra br\u00e4nda mandlar. Till en b\u00f6rjan s\u00e5 var det bara just br\u00e4nda mandlar vi [&hellip;]","og_url":"https:\/\/mandelmannen.se\/?page_id=7541","og_site_name":"Mandelmannen AB","article_modified_time":"2015-04-27T15:20:06+00:00","og_image":[{"url":"https:\/\/mandelmannen.se\/wp-content\/uploads\/2014\/02\/trailer.jpg"}],"twitter_misc":{"Ber\u00e4knad l\u00e4stid":"1 minut"},"schema":{"@context":"https:\/\/schema.org","@graph":[{"@type":"WebPage","@id":"https:\/\/mandelmannen.se\/?page_id=7541","url":"https:\/\/mandelmannen.se\/?page_id=7541","name":"OM OSS - Mandelmannen AB","isPartOf":{"@id":"https:\/\/mandelmannen.se\/#website"},"primaryImageOfPage":{"@id":"https:\/\/mandelmannen.se\/?page_id=7541#primaryimage"},"image":{"@id":"https:\/\/mandelmannen.se\/?page_id=7541#primaryimage"},"thumbnailUrl":"https:\/\/mandelmannen.se\/wp-content\/uploads\/2014\/02\/trailer.jpg","datePublished":"2014-02-05T21:33:23+00:00","dateModified":"2015-04-27T15:20:06+00:00","inLanguage":"sv-SE","potentialAction":[{"@type":"ReadAction","target":["https:\/\/mandelmannen.se\/?page_id=7541"]}]},{"@type":"ImageObject","inLanguage":"sv-SE","@id":"https:\/\/mandelmannen.se\/?page_id=7541#primaryimage","url":"https:\/\/mandelmannen.se\/wp-content\/uploads\/2014\/02\/trailer.jpg","contentUrl":"https:\/\/mandelmannen.se\/wp-content\/uploads\/2014\/02\/trailer.jpg","width":716,"height":299},{"@type":"WebSite","@id":"https:\/\/mandelmannen.se\/#website","url":"https:\/\/mandelmannen.se\/","name":"Mandelmannen AB","description":"N\u00f6tter P\u00e5 V\u00e4g...","potentialAction":[{"@type":"SearchAction","target":{"@type":"EntryPoint","urlTemplate":"https:\/\/mandelmannen.se\/?s={search_term_string}"},"query-input":"required name=search_term_string"}],"inLanguage":"sv-SE"}]}},"_links":{"self":[{"href":"https:\/\/mandelmannen.se\/index.php?rest_route=\/wp\/v2\/pages\/7541"}],"collection":[{"href":"https:\/\/mandelmannen.se\/index.php?rest_route=\/wp\/v2\/pages"}],"about":[{"href":"https:\/\/mandelmannen.se\/index.php?rest_route=\/wp\/v2\/types\/page"}],"author":[{"embeddable":true,"href":"https:\/\/mandelmannen.se\/index.php?rest_route=\/wp\/v2\/users\/2"}],"replies":[{"embeddable":true,"href":"https:\/\/mandelmannen.se\/index.php?rest_route=%2Fwp%2Fv2%2Fcomments&post=7541"}],"version-history":[{"count":6,"href":"https:\/\/mandelmannen.se\/index.php?rest_route=\/wp\/v2\/pages\/7541\/revisions"}],"predecessor-version":[{"id":7713,"href":"https:\/\/mandelmannen.se\/index.php?rest_route=\/wp\/v2\/pages\/7541\/revisions\/7713"}],"wp:attachment":[{"href":"https:\/\/mandelmannen.se\/index.php?rest_route=%2Fwp%2Fv2%2Fmedia&parent=7541"}],"curies":[{"name":"wp","href":"https:\/\/api.w.org\/{rel}","templated":true}]}}