{"id":7552,"date":"2014-02-06T13:21:42","date_gmt":"2014-02-06T12:21:42","guid":{"rendered":"https:\/\/mandelmannen.se\/?page_id=7552"},"modified":"2019-03-28T16:11:36","modified_gmt":"2019-03-28T15:11:36","slug":"jobba-hos-oss","status":"publish","type":"page","link":"https:\/\/mandelmannen.se\/?page_id=7552","title":{"rendered":"Lediga jobb"},"content":{"rendered":"\n\t\t\t<!-- START Front REVOLUTION SLIDER 6.2.12 --><p class=\"rs-p-wp-fix\"><\/p>\n\t\t\t<rs-module-wrap id=\"rev_slider_2_1_wrapper\" data-source=\"gallery\" data-aimg=\"\"  style=\"background:#E9E9E9;padding:0;margin:0px auto;margin-top:0;margin-bottom:0;max-width:;\">\n\t\t\t\t<rs-module id=\"rev_slider_2_1\" style=\"\" data-version=\"6.2.12\">\n\t\t\t\t\t<rs-slides>\n\t\t\t\t\t\t<rs-slide data-key=\"rs-6\" data-title=\"Slide\" data-anim=\"ei:d;eo:d;s:300;r:0;t:random;sl:7;\">\n\t\t\t\t\t\t\t<img decoding=\"async\" src=\"\/\/mandelmannen.se\/wp-content\/uploads\/2014\/02\/slider011.jpg\" title=\"Lediga jobb\" data-bg=\"p:center top;\" class=\"rev-slidebg\" data-no-retina>\n<!--\n\t\t\t\t\t\t\t--><rs-layer\n\t\t\t\t\t\t\t\tid=\"slider-2-slide-6-layer-1\" \n\t\t\t\t\t\t\t\tclass=\"test\"\n\t\t\t\t\t\t\t\tdata-type=\"text\"\n\t\t\t\t\t\t\t\tdata-color=\"#161630\"\n\t\t\t\t\t\t\t\tdata-rsp_ch=\"on\"\n\t\t\t\t\t\t\t\tdata-xy=\"x:r;xo:10px;y:b;yo:10px;\"\n\t\t\t\t\t\t\t\tdata-text=\"s:48;l:50;fw:900;\"\n\t\t\t\t\t\t\t\tdata-frame_0=\"x:right;skX:-85px;\"\n\t\t\t\t\t\t\t\tdata-frame_1=\"st:1000;sp:1000;\"\n\t\t\t\t\t\t\t\tdata-frame_999=\"o:0;e:nothing;st:3000;sp:3000;\"\n\t\t\t\t\t\t\t\tstyle=\"z-index:5;font-family:Arial;text-shadow:rgba(0, 0, 0, 0.498039) 0px 2px 5px;margin:0px;white-space:nowrap;\"\n\t\t\t\t\t\t\t>Way Out West 2011 \n\t\t\t\t\t\t\t<\/rs-layer><!--\n-->\t\t\t\t\t\t<\/rs-slide>\n\t\t\t\t\t\t<rs-slide data-key=\"rs-7\" data-title=\"Slide\" data-anim=\"ei:d;eo:d;s:300;r:0;t:random;sl:7;\">\n\t\t\t\t\t\t\t<img decoding=\"async\" src=\"\/\/mandelmannen.se\/wp-content\/uploads\/2014\/02\/slider021.jpg\" title=\"Lediga jobb\" data-bg=\"p:center top;\" class=\"rev-slidebg\" data-no-retina>\n<!--\n\t\t\t\t\t\t\t--><rs-layer\n\t\t\t\t\t\t\t\tid=\"slider-2-slide-7-layer-1\" \n\t\t\t\t\t\t\t\tclass=\"test\"\n\t\t\t\t\t\t\t\tdata-type=\"text\"\n\t\t\t\t\t\t\t\tdata-color=\"#161630\"\n\t\t\t\t\t\t\t\tdata-rsp_ch=\"on\"\n\t\t\t\t\t\t\t\tdata-xy=\"x:40px;y:131px;\"\n\t\t\t\t\t\t\t\tdata-text=\"s:48;l:50;fw:900;\"\n\t\t\t\t\t\t\t\tdata-frame_0=\"x:right;\"\n\t\t\t\t\t\t\t\tdata-frame_1=\"st:500;sp:1000;\"\n\t\t\t\t\t\t\t\tdata-frame_999=\"o:0;e:nothing;st:3000;sp:3000;\"\n\t\t\t\t\t\t\t\tstyle=\"z-index:5;font-family:Arial;text-shadow:rgba(0, 0, 0, 0.498039) 0px 2px 5px;margin:0px;white-space:nowrap;\"\n\t\t\t\t\t\t\t>Br\u00e4nda mandlar tillverkas \n\t\t\t\t\t\t\t<\/rs-layer><!--\n-->\t\t\t\t\t\t<\/rs-slide>\n\t\t\t\t\t\t<rs-slide data-key=\"rs-8\" data-title=\"Slide\" data-anim=\"ei:d;eo:d;s:300;r:0;t:random;sl:7;\">\n\t\t\t\t\t\t\t<img decoding=\"async\" src=\"\/\/mandelmannen.se\/wp-content\/uploads\/2014\/02\/slider031.jpg\" title=\"Lediga jobb\" data-bg=\"p:center top;\" class=\"rev-slidebg\" data-no-retina>\n<!--\n\t\t\t\t\t\t\t--><rs-layer\n\t\t\t\t\t\t\t\tid=\"slider-2-slide-8-layer-1\" \n\t\t\t\t\t\t\t\tclass=\"test\"\n\t\t\t\t\t\t\t\tdata-type=\"text\"\n\t\t\t\t\t\t\t\tdata-color=\"#161630\"\n\t\t\t\t\t\t\t\tdata-rsp_ch=\"on\"\n\t\t\t\t\t\t\t\tdata-xy=\"x:156px;y:232px;\"\n\t\t\t\t\t\t\t\tdata-text=\"s:48;l:50;fw:900;\"\n\t\t\t\t\t\t\t\tdata-frame_0=\"x:right;\"\n\t\t\t\t\t\t\t\tdata-frame_1=\"st:500;sp:1000;\"\n\t\t\t\t\t\t\t\tdata-frame_999=\"o:0;e:nothing;st:3000;sp:3000;\"\n\t\t\t\t\t\t\t\tstyle=\"z-index:5;font-family:Arial;text-shadow:rgba(0, 0, 0, 0.498039) 0px 2px 5px;margin:0px;white-space:nowrap;\"\n\t\t\t\t\t\t\t>Uts\u00f6kta Churros \n\t\t\t\t\t\t\t<\/rs-layer><!--\n-->\t\t\t\t\t\t<\/rs-slide>\n\t\t\t\t\t\t<rs-slide data-key=\"rs-9\" data-title=\"Slide\" data-anim=\"ei:d;eo:d;s:300;r:0;t:random;sl:7;\">\n\t\t\t\t\t\t\t<img decoding=\"async\" src=\"\/\/mandelmannen.se\/wp-content\/uploads\/2014\/02\/slider041.jpg\" title=\"Lediga jobb\" data-bg=\"p:center top;\" class=\"rev-slidebg\" data-no-retina>\n<!--\n\t\t\t\t\t\t\t--><rs-layer\n\t\t\t\t\t\t\t\tid=\"slider-2-slide-9-layer-1\" \n\t\t\t\t\t\t\t\tclass=\"test\"\n\t\t\t\t\t\t\t\tdata-type=\"text\"\n\t\t\t\t\t\t\t\tdata-color=\"#161630\"\n\t\t\t\t\t\t\t\tdata-rsp_ch=\"on\"\n\t\t\t\t\t\t\t\tdata-xy=\"x:55px;y:175px;\"\n\t\t\t\t\t\t\t\tdata-text=\"s:48;l:50;fw:900;\"\n\t\t\t\t\t\t\t\tdata-frame_0=\"x:right;\"\n\t\t\t\t\t\t\t\tdata-frame_1=\"st:500;sp:1000;\"\n\t\t\t\t\t\t\t\tdata-frame_999=\"o:0;e:nothing;st:3000;sp:3000;\"\n\t\t\t\t\t\t\t\tstyle=\"z-index:5;font-family:Arial;text-shadow:rgba(0, 0, 0, 0.498039) 0px 2px 5px;margin:0px;white-space:nowrap;\"\n\t\t\t\t\t\t\t>Churros med nutella \n\t\t\t\t\t\t\t<\/rs-layer><!--\n-->\t\t\t\t\t\t<\/rs-slide>\n\t\t\t\t\t<\/rs-slides>\n\t\t\t\t<\/rs-module>\n\t\t\t\t<script type=\"text\/javascript\">\n\t\t\t\t\tsetREVStartSize({c: 'rev_slider_2_1',rl:[1240,1024,778,480],el:[293],gw:[656],gh:[293],type:'standard',justify:'',layout:'fullwidth',mh:\"0\"});\n\t\t\t\t\tvar\trevapi2,\n\t\t\t\t\t\ttpj;\n\t\t\t\t\tjQuery(function() {\n\t\t\t\t\t\ttpj = jQuery;\n\t\t\t\t\t\trevapi2 = tpj(\"#rev_slider_2_1\")\n\t\t\t\t\t\ttpj.noConflict();\n\t\t\t\t\t\tif(revapi2==undefined || revapi2.revolution == undefined){\n\t\t\t\t\t\t\trevslider_showDoubleJqueryError(\"rev_slider_2_1\");\n\t\t\t\t\t\t}else{\n\t\t\t\t\t\t\trevapi2.revolution({\n\t\t\t\t\t\t\t\tduration:10000,\n\t\t\t\t\t\t\t\tvisibilityLevels:\"1240,1024,778,480\",\n\t\t\t\t\t\t\t\tgridwidth:656,\n\t\t\t\t\t\t\t\tgridheight:293,\n\t\t\t\t\t\t\t\tspinner:\"spinner5\",\n\t\t\t\t\t\t\t\tperspective:600,\n\t\t\t\t\t\t\t\tperspectiveType:\"local\",\n\t\t\t\t\t\t\t\teditorheight:\"293,768,960,720\",\n\t\t\t\t\t\t\t\tresponsiveLevels:\"1240,1024,778,480\",\n\t\t\t\t\t\t\t\tprogressBar: {\n\t\t\t\t\t\t\t\t\tcolor:\"#FFFFFF\",\n\t\t\t\t\t\t\t\t\tvertical:\"top\",\n\t\t\t\t\t\t\t\t\tsize:5,\n\t\t\t\t\t\t\t\t\tx:0,\n\t\t\t\t\t\t\t\t\ty:0\n\t\t\t\t\t\t\t\t},\n\t\t\t\t\t\t\t\tnavigation: {\n\t\t\t\t\t\t\t\t\tmouseScrollNavigation:false,\n\t\t\t\t\t\t\t\t\ttouch: {\n\t\t\t\t\t\t\t\t\t\ttouchenabled:true\n\t\t\t\t\t\t\t\t\t}\n\t\t\t\t\t\t\t\t},\n\t\t\t\t\t\t\t\tfallbacks: {\n\t\t\t\t\t\t\t\t\tsimplifyAll:\"\",\n\t\t\t\t\t\t\t\t\tallowHTML5AutoPlayOnAndroid:true\n\t\t\t\t\t\t\t\t},\n\t\t\t\t\t\t\t});\n\t\t\t\t\t\t}\n\t\t\t\t\t\t\n\t\t\t\t\t});\n\t\t\t\t<\/script>\n\t\t\t<\/rs-module-wrap>\n\t\t\t<!-- END REVOLUTION SLIDER -->\n\n<h1>Lediga jobb<\/h1>\n<p>&nbsp;<\/p>\n<p>Tycker du att det skulle vara intressant att jobba med oss? Vi s\u00f6ker st\u00e4ndigt efter ny personal s\u00e5 tveka inte att h\u00f6ra av dig till oss.<br \/>\nNu s\u00f6ker vi personal till sommarens evenemang och uppdrag.<\/p>\n<hr class=\"hr2\" \/>\n<h2>Eventpersonal<\/h2>\n<p>&nbsp;<\/p>\n<p>Mandelmannen startade 1993 och f\u00f6r varje \u00e5r s\u00e5 tillkommer det fler och fler uppdrag. Har du intresse av att jobba hos oss som F\u00f6rs\u00e4ljare s\u00e5 h\u00f6r av dig till oss. Sommaren och h\u00f6sten \u00e4r v\u00e5r h\u00f6gs\u00e4song och d\u00e5 beh\u00f6ver vi fler medarbetare. Nedan skriver vi lite enkelt om vad det \u00e4r vi tittar p\u00e5 hos de som s\u00f6ker jobb som f\u00f6rs\u00e4ljare hos oss.<\/p>\n<ul>\n<li>Vi v\u00e4rdes\u00e4tter social kompetens och passion f\u00f6r kundservice h\u00f6gre \u00e4n tidigare erfarenheter.<\/li>\n<li>Tidigare erfarenheter som f\u00f6rs\u00e4ljare \u00e4r ett plus men inget krav.<\/li>\n<li>Du kommer jobba i team om mellan tv\u00e5 till sex medarbetare s\u00e5 lyh\u00f6rdhet och ansvarstagande av sin position \u00e4r viktigt n\u00e4r man jobbar i team med h\u00f6gt tempo.<\/li>\n<li>Jobbet inneb\u00e4r en m\u00e4ngd olika arbetsuppgifter s\u00e5 som att ta emot best\u00e4llningar och ta betalt kontant och med kort i v\u00e5rt kassasystem. Producera b\u00e5de br\u00e4nda mandlar \/ rosta n\u00f6tter och att g\u00f6ra deg \/ fritera churros. samt att packa best\u00e4llningar som levereras till kund.<\/li>\n<li>Vi jobbar med professionella maskiner och utrustning, men trots det kan problem uppst\u00e5 som g\u00f6r att vi g\u00e4rna ser att du har handlingskraft och probleml\u00f6sarf\u00f6rm\u00e5gor.<\/li>\n<li>Du m\u00e5ste kunna jobba oregelbundna tider och vara beredd p\u00e5 l\u00e5nga arbetsdagar.<\/li>\n<li>Du b\u00f6r kunna vara hemifr\u00e5n under 3-4 dagar.<\/li>\n<li>K\u00f6rkort \u00e4r inget krav men det prioriteras. F\u00f6r de som har k\u00f6rkort s\u00e5 \u00e4r \u00e4ven tillg\u00e5ngen till egen bil ett plus.<\/li>\n<li>Var du bor spelar inte alltid n\u00e5gon roll d\u00e5 vi har jobb i hela Sverige. Det \u00e4r dock en f\u00f6rdel om du \u00e4r bosatt i G\u00f6teborg med omnejd vi utg\u00e5r d\u00e4rifr\u00e5n och f\u00f6rs\u00f6ker samordna alla transporter till v\u00e5ra uppdrag.<\/li>\n<\/ul>\n<h2><\/h2>\n<p>&nbsp;<\/p>\n<p><strong>Skriv ner lite om dig sj\u00e4lv och varf\u00f6r du skulle bli en bra f\u00f6rs\u00e4ljare hos oss. Skicka det i ett mejl med CV och bild p\u00e5 dig sj\u00e4lv till <a title=\"jobba@mandelmannen.se\" href=\"mailto:jobba@mandelmannen.se\">jobba@mandelmannen.se<\/a>.<\/strong><\/p>\n","protected":false},"excerpt":{"rendered":"<p>Lediga jobb &nbsp; Tycker du att det skulle vara intressant att jobba med oss? Vi s\u00f6ker st\u00e4ndigt efter ny personal s\u00e5 tveka inte att h\u00f6ra av dig till oss. Nu s\u00f6ker vi personal till sommarens evenemang och uppdrag. Eventpersonal &nbsp; Mandelmannen startade 1993 och f\u00f6r varje \u00e5r s\u00e5 tillkommer det fler och fler uppdrag. Har [&hellip;]<\/p>\n","protected":false},"author":2,"featured_media":0,"parent":0,"menu_order":0,"comment_status":"closed","ping_status":"closed","template":"","meta":{"footnotes":""},"yoast_head":"<!-- This site is optimized with the Yoast SEO plugin v23.1 - https:\/\/yoast.com\/wordpress\/plugins\/seo\/ -->\n<title>Lediga jobb - Mandelmannen AB<\/title>\n<meta name=\"robots\" content=\"index, follow, max-snippet:-1, max-image-preview:large, max-video-preview:-1\" \/>\n<link rel=\"canonical\" href=\"https:\/\/mandelmannen.se\/?page_id=7552\" \/>\n<meta property=\"og:locale\" content=\"sv_SE\" \/>\n<meta property=\"og:type\" content=\"article\" \/>\n<meta property=\"og:title\" content=\"Lediga jobb - Mandelmannen AB\" \/>\n<meta property=\"og:description\" content=\"Lediga jobb &nbsp; Tycker du att det skulle vara intressant att jobba med oss? Vi s\u00f6ker st\u00e4ndigt efter ny personal s\u00e5 tveka inte att h\u00f6ra av dig till oss. Nu s\u00f6ker vi personal till sommarens evenemang och uppdrag. Eventpersonal &nbsp; Mandelmannen startade 1993 och f\u00f6r varje \u00e5r s\u00e5 tillkommer det fler och fler uppdrag. Har [&hellip;]\" \/>\n<meta property=\"og:url\" content=\"https:\/\/mandelmannen.se\/?page_id=7552\" \/>\n<meta property=\"og:site_name\" content=\"Mandelmannen AB\" \/>\n<meta property=\"article:modified_time\" content=\"2019-03-28T15:11:36+00:00\" \/>\n<meta name=\"twitter:label1\" content=\"Ber\u00e4knad l\u00e4stid\" \/>\n\t<meta name=\"twitter:data1\" content=\"2 minuter\" \/>\n<script type=\"application\/ld+json\" class=\"yoast-schema-graph\">{\"@context\":\"https:\/\/schema.org\",\"@graph\":[{\"@type\":\"WebPage\",\"@id\":\"https:\/\/mandelmannen.se\/?page_id=7552\",\"url\":\"https:\/\/mandelmannen.se\/?page_id=7552\",\"name\":\"Lediga jobb - Mandelmannen AB\",\"isPartOf\":{\"@id\":\"https:\/\/mandelmannen.se\/#website\"},\"datePublished\":\"2014-02-06T12:21:42+00:00\",\"dateModified\":\"2019-03-28T15:11:36+00:00\",\"inLanguage\":\"sv-SE\",\"potentialAction\":[{\"@type\":\"ReadAction\",\"target\":[\"https:\/\/mandelmannen.se\/?page_id=7552\"]}]},{\"@type\":\"WebSite\",\"@id\":\"https:\/\/mandelmannen.se\/#website\",\"url\":\"https:\/\/mandelmannen.se\/\",\"name\":\"Mandelmannen AB\",\"description\":\"N\u00f6tter P\u00e5 V\u00e4g...\",\"potentialAction\":[{\"@type\":\"SearchAction\",\"target\":{\"@type\":\"EntryPoint\",\"urlTemplate\":\"https:\/\/mandelmannen.se\/?s={search_term_string}\"},\"query-input\":\"required name=search_term_string\"}],\"inLanguage\":\"sv-SE\"}]}<\/script>\n<!-- \/ Yoast SEO plugin. -->","yoast_head_json":{"title":"Lediga jobb - Mandelmannen AB","robots":{"index":"index","follow":"follow","max-snippet":"max-snippet:-1","max-image-preview":"max-image-preview:large","max-video-preview":"max-video-preview:-1"},"canonical":"https:\/\/mandelmannen.se\/?page_id=7552","og_locale":"sv_SE","og_type":"article","og_title":"Lediga jobb - Mandelmannen AB","og_description":"Lediga jobb &nbsp; Tycker du att det skulle vara intressant att jobba med oss? Vi s\u00f6ker st\u00e4ndigt efter ny personal s\u00e5 tveka inte att h\u00f6ra av dig till oss. Nu s\u00f6ker vi personal till sommarens evenemang och uppdrag. Eventpersonal &nbsp; Mandelmannen startade 1993 och f\u00f6r varje \u00e5r s\u00e5 tillkommer det fler och fler uppdrag. Har [&hellip;]","og_url":"https:\/\/mandelmannen.se\/?page_id=7552","og_site_name":"Mandelmannen AB","article_modified_time":"2019-03-28T15:11:36+00:00","twitter_misc":{"Ber\u00e4knad l\u00e4stid":"2 minuter"},"schema":{"@context":"https:\/\/schema.org","@graph":[{"@type":"WebPage","@id":"https:\/\/mandelmannen.se\/?page_id=7552","url":"https:\/\/mandelmannen.se\/?page_id=7552","name":"Lediga jobb - Mandelmannen AB","isPartOf":{"@id":"https:\/\/mandelmannen.se\/#website"},"datePublished":"2014-02-06T12:21:42+00:00","dateModified":"2019-03-28T15:11:36+00:00","inLanguage":"sv-SE","potentialAction":[{"@type":"ReadAction","target":["https:\/\/mandelmannen.se\/?page_id=7552"]}]},{"@type":"WebSite","@id":"https:\/\/mandelmannen.se\/#website","url":"https:\/\/mandelmannen.se\/","name":"Mandelmannen AB","description":"N\u00f6tter P\u00e5 V\u00e4g...","potentialAction":[{"@type":"SearchAction","target":{"@type":"EntryPoint","urlTemplate":"https:\/\/mandelmannen.se\/?s={search_term_string}"},"query-input":"required name=search_term_string"}],"inLanguage":"sv-SE"}]}},"_links":{"self":[{"href":"https:\/\/mandelmannen.se\/index.php?rest_route=\/wp\/v2\/pages\/7552"}],"collection":[{"href":"https:\/\/mandelmannen.se\/index.php?rest_route=\/wp\/v2\/pages"}],"about":[{"href":"https:\/\/mandelmannen.se\/index.php?rest_route=\/wp\/v2\/types\/page"}],"author":[{"embeddable":true,"href":"https:\/\/mandelmannen.se\/index.php?rest_route=\/wp\/v2\/users\/2"}],"replies":[{"embeddable":true,"href":"https:\/\/mandelmannen.se\/index.php?rest_route=%2Fwp%2Fv2%2Fcomments&post=7552"}],"version-history":[{"count":50,"href":"https:\/\/mandelmannen.se\/index.php?rest_route=\/wp\/v2\/pages\/7552\/revisions"}],"predecessor-version":[{"id":7739,"href":"https:\/\/mandelmannen.se\/index.php?rest_route=\/wp\/v2\/pages\/7552\/revisions\/7739"}],"wp:attachment":[{"href":"https:\/\/mandelmannen.se\/index.php?rest_route=%2Fwp%2Fv2%2Fmedia&parent=7552"}],"curies":[{"name":"wp","href":"https:\/\/api.w.org\/{rel}","templated":true}]}}