{"id":7615,"date":"2014-02-08T22:28:33","date_gmt":"2014-02-08T21:28:33","guid":{"rendered":"https:\/\/mandelmannen.se\/?page_id=7615"},"modified":"2014-02-25T22:51:04","modified_gmt":"2014-02-25T21:51:04","slug":"produkter-2","status":"publish","type":"page","link":"https:\/\/mandelmannen.se\/?page_id=7615","title":{"rendered":"Produkter"},"content":{"rendered":"<p>Kommer snart&#8230;<\/p>\n","protected":false},"excerpt":{"rendered":"<p>Kommer snart&#8230;<\/p>\n","protected":false},"author":2,"featured_media":0,"parent":0,"menu_order":0,"comment_status":"closed","ping_status":"closed","template":"","meta":{"footnotes":""},"yoast_head":"<!-- This site is optimized with the Yoast SEO plugin v23.1 - https:\/\/yoast.com\/wordpress\/plugins\/seo\/ -->\n<title>Produkter - Mandelmannen AB<\/title>\n<meta name=\"robots\" content=\"index, follow, max-snippet:-1, max-image-preview:large, max-video-preview:-1\" \/>\n<link rel=\"canonical\" href=\"https:\/\/mandelmannen.se\/?page_id=7615\" \/>\n<meta property=\"og:locale\" content=\"sv_SE\" \/>\n<meta property=\"og:type\" content=\"article\" \/>\n<meta property=\"og:title\" content=\"Produkter - Mandelmannen AB\" \/>\n<meta property=\"og:description\" content=\"Kommer snart&#8230;\" \/>\n<meta property=\"og:url\" content=\"https:\/\/mandelmannen.se\/?page_id=7615\" \/>\n<meta property=\"og:site_name\" content=\"Mandelmannen AB\" \/>\n<meta property=\"article:modified_time\" content=\"2014-02-25T21:51:04+00:00\" \/>\n<script type=\"application\/ld+json\" class=\"yoast-schema-graph\">{\"@context\":\"https:\/\/schema.org\",\"@graph\":[{\"@type\":\"WebPage\",\"@id\":\"https:\/\/mandelmannen.se\/?page_id=7615\",\"url\":\"https:\/\/mandelmannen.se\/?page_id=7615\",\"name\":\"Produkter - Mandelmannen AB\",\"isPartOf\":{\"@id\":\"https:\/\/mandelmannen.se\/#website\"},\"datePublished\":\"2014-02-08T21:28:33+00:00\",\"dateModified\":\"2014-02-25T21:51:04+00:00\",\"inLanguage\":\"sv-SE\",\"potentialAction\":[{\"@type\":\"ReadAction\",\"target\":[\"https:\/\/mandelmannen.se\/?page_id=7615\"]}]},{\"@type\":\"WebSite\",\"@id\":\"https:\/\/mandelmannen.se\/#website\",\"url\":\"https:\/\/mandelmannen.se\/\",\"name\":\"Mandelmannen AB\",\"description\":\"N\u00f6tter P\u00e5 V\u00e4g...\",\"potentialAction\":[{\"@type\":\"SearchAction\",\"target\":{\"@type\":\"EntryPoint\",\"urlTemplate\":\"https:\/\/mandelmannen.se\/?s={search_term_string}\"},\"query-input\":\"required name=search_term_string\"}],\"inLanguage\":\"sv-SE\"}]}<\/script>\n<!-- \/ Yoast SEO plugin. -->","yoast_head_json":{"title":"Produkter - Mandelmannen AB","robots":{"index":"index","follow":"follow","max-snippet":"max-snippet:-1","max-image-preview":"max-image-preview:large","max-video-preview":"max-video-preview:-1"},"canonical":"https:\/\/mandelmannen.se\/?page_id=7615","og_locale":"sv_SE","og_type":"article","og_title":"Produkter - Mandelmannen AB","og_description":"Kommer snart&#8230;","og_url":"https:\/\/mandelmannen.se\/?page_id=7615","og_site_name":"Mandelmannen AB","article_modified_time":"2014-02-25T21:51:04+00:00","schema":{"@context":"https:\/\/schema.org","@graph":[{"@type":"WebPage","@id":"https:\/\/mandelmannen.se\/?page_id=7615","url":"https:\/\/mandelmannen.se\/?page_id=7615","name":"Produkter - Mandelmannen AB","isPartOf":{"@id":"https:\/\/mandelmannen.se\/#website"},"datePublished":"2014-02-08T21:28:33+00:00","dateModified":"2014-02-25T21:51:04+00:00","inLanguage":"sv-SE","potentialAction":[{"@type":"ReadAction","target":["https:\/\/mandelmannen.se\/?page_id=7615"]}]},{"@type":"WebSite","@id":"https:\/\/mandelmannen.se\/#website","url":"https:\/\/mandelmannen.se\/","name":"Mandelmannen AB","description":"N\u00f6tter P\u00e5 V\u00e4g...","potentialAction":[{"@type":"SearchAction","target":{"@type":"EntryPoint","urlTemplate":"https:\/\/mandelmannen.se\/?s={search_term_string}"},"query-input":"required name=search_term_string"}],"inLanguage":"sv-SE"}]}},"_links":{"self":[{"href":"https:\/\/mandelmannen.se\/index.php?rest_route=\/wp\/v2\/pages\/7615"}],"collection":[{"href":"https:\/\/mandelmannen.se\/index.php?rest_route=\/wp\/v2\/pages"}],"about":[{"href":"https:\/\/mandelmannen.se\/index.php?rest_route=\/wp\/v2\/types\/page"}],"author":[{"embeddable":true,"href":"https:\/\/mandelmannen.se\/index.php?rest_route=\/wp\/v2\/users\/2"}],"replies":[{"embeddable":true,"href":"https:\/\/mandelmannen.se\/index.php?rest_route=%2Fwp%2Fv2%2Fcomments&post=7615"}],"version-history":[{"count":3,"href":"https:\/\/mandelmannen.se\/index.php?rest_route=\/wp\/v2\/pages\/7615\/revisions"}],"predecessor-version":[{"id":7685,"href":"https:\/\/mandelmannen.se\/index.php?rest_route=\/wp\/v2\/pages\/7615\/revisions\/7685"}],"wp:attachment":[{"href":"https:\/\/mandelmannen.se\/index.php?rest_route=%2Fwp%2Fv2%2Fmedia&parent=7615"}],"curies":[{"name":"wp","href":"https:\/\/api.w.org\/{rel}","templated":true}]}}